{"id":1352,"date":"2011-11-08T13:04:52","date_gmt":"2011-11-08T13:04:52","guid":{"rendered":"http:\/\/hets.org\/wp\/?page_id=1352"},"modified":"2011-11-08T13:04:52","modified_gmt":"2011-11-08T13:04:52","slug":"showcase-track-stem","status":"publish","type":"page","link":"https:\/\/hets.org\/newdesign\/showcase-track-stem\/","title":{"rendered":"Showcase Track: STEM"},"content":{"rendered":"<table border=\"0\" cellspacing=\"0\" cellpadding=\"0\" width=\"100%\">\n<tbody>\n<tr>\n<td width=\"20\"><\/td>\n<td>\n<table border=\"0\" cellspacing=\"0\" cellpadding=\"0\" width=\"100%\">\n<tbody>\n<tr>\n<td><strong>Showcase Track: STEM<\/strong><\/td>\n<\/tr>\n<tr>\n<td height=\"15\"><\/td>\n<\/tr>\n<tr>\n<td>\n<div id=\"divPrint\">\n<div id=\"Lectura\">\n<table border=\"0\" cellspacing=\"0\" cellpadding=\"0\" width=\"100%\" align=\"center\">\n<tbody>\n<tr>\n<td>\n<div style=\"text-align: center\"><img decoding=\"async\" src=\"\/wp-content\/uploads\/2011\/11\/HETS-BPS2-Banner-700.jpg\" border=\"0\" alt=\"\" \/><\/div>\n<\/td>\n<\/tr>\n<tr>\n<td height=\"15\"><\/td>\n<\/tr>\n<tr>\n<td>\n<p style=\"text-align: center\"><a href=\"\/?page_id=2181\">Home<\/a> | <a href=\"\/?page_id=522\">Pre-event<\/a> | <a href=\"\/?page_id=524\">Academic Fair<\/a> | <a href=\"\/?page_id=532\">Schedule<\/a> | <a href=\"\/?page_id=356\">Showcase Tracks<\/a> | <a href=\"\/?page_id=541\">Sponsors 2012 HBPS<\/a> | <a href=\"\/?page_id=1398\">HETS Board Meeting<\/a><\/p>\n<p>&nbsp;<\/p>\n<p>&nbsp;<\/p>\n<p><span style=\"font-weight: bold;text-decoration: underline\">STEM<\/span><span style=\"font-weight: bold;text-decoration: underline\"> <\/span> (back to <a href=\"\/?page_id=356\">showcase tracks<\/a>)<\/p>\n<p>&nbsp;<\/p>\n<p>The STEM track is focused on technology-based projects aimed at opening  access and closing the achievement gap for Hispanic learners in the  areas of Science, Technology, Engineering, and Mathematics.<\/p>\n<p>These are the Best Practices in STEM which use innovative technology approaches to  increase recruitment,  retention, and success opportunities for Hispanics  in the STEM areas. \u00a0  Below is a table listing the presentations selected to  showcase during the conference. Please refer below for the official time schedule of this track.<\/p>\n<table border=\"1\" cellspacing=\"0\" cellpadding=\"0\" width=\"733\">\n<tbody>\n<tr>\n<td width=\"115\" height=\"20\" align=\"center\"><strong>Date<\/strong><\/td>\n<td width=\"64\" align=\"center\"><strong>Time<\/strong><\/td>\n<td width=\"92\" align=\"center\"><strong>Room<\/strong><\/td>\n<td width=\"153\" align=\"center\"><strong>Presenters<\/strong><\/td>\n<td width=\"640\" align=\"center\"><strong>Presentation   Title &amp; Abstract<\/strong><\/td>\n<\/tr>\n<tr>\n<td align=\"left\" valign=\"top\">February 16 ,2012<\/td>\n<td align=\"left\" valign=\"top\">11:00 AM<\/td>\n<td width=\"92\" align=\"left\" valign=\"top\">Amphitheater   2<\/td>\n<td width=\"153\" align=\"left\" valign=\"top\"><strong>Juan C. Morales<\/strong><span>,<strong> Ph. D, P.E.<\/strong><br \/>\nDirector<br \/>\nDept.   Mechanical EngineeringUniversidad   del Turabo (AGMUS) <\/span><\/td>\n<td width=\"640\" align=\"left\" valign=\"top\"><a href=\"\/wp-content\/uploads\/2012\/BPS2\/presentations\/STEM-Dr-Juan-C-Morales-Parts-1-and-2.pdf\" target=\"_blank\" rel=\"noopener noreferrer\">Presentation<\/a><br \/>\n(This   presentation will be conducted in Spanish, translation services available.)<strong>Increasing Graduation Rates of Hispanic Engineering Students by Achieving   Deep Learning Concepts.<\/strong><span> <\/span>&nbsp;<\/p>\n<p>UT is hereby submitting an   individual grant proposal with the overarching goal of increasing the number   of Hispanic students attaining degrees in engineering (Priority 1). UT will   also develop a model transfer and articulation agreement with Mech Tech community   college located in the Central-East region of Puerto Rico (Priority 2). The   project will also enable more data-based decision-making, thus the   Competitive Preference Priority is also addressed by hiring a statistician to   create the structure that will enable data-based decision-making.<\/p>\n<p>The educational focus of this proposal is to provide \u201c\u2026 a set of learning   experiences that allow students to construct deep conceptual knowledge, to   develop the ability to apply key technical and professional skills fluently,   and to engage in a number of authentic engineering projects\u201d, as expressed by   T.A. Litzinger in a recent paper in the Journal of Engineering Education.   This project is as much about deep learning of fundamentals by the students   as it is about transforming the vision of engineering education of faculty   members. The program will consist of two Interactive Engineering Learning   Centers, IELC1 and IELC2 (Activity I) focused on providing direct services to   engineering students; the creation of a Summer Faculty Immersion Program   (SFIP) that will ignite innovative teaching in engineering courses (Activity   II); and, to build the infrastructure required to offer a new civil   engineering program that will attract 200 new Hispanic students into   engineering (Activity III). This combination of the IELCs and SFIP represents   a model of the Teaching and Learning Centers recommended by the National   Research Council of the National Academies.<\/p>\n<p>&nbsp;<\/td>\n<\/tr>\n<tr>\n<td align=\"left\" valign=\"top\">February 17   ,2012<\/td>\n<td align=\"left\" valign=\"top\">10:30 AM<\/td>\n<td width=\"92\" align=\"left\" valign=\"top\">Amphitheater   1<\/td>\n<td width=\"153\" align=\"left\" valign=\"top\"><span><strong>Dr. Antonio Vantaggiato<\/strong><br \/>\n<\/span><span>Professor University of the Sacred   Heart <\/span><\/td>\n<td width=\"640\" align=\"left\" valign=\"top\">(<a href=\"http:\/\/www.ustream.tv\/recorded\/20505033\">Watch Webcast<\/a>)<br \/>\n<span><strong>STEMmED: A Successful Infrastructure for   Science Learning<\/strong>.<\/span><span>In this presentation we   will discuss the five interconnected components of our project STEMmED, which   aims to create the conditions for students to pursue careers in STEM and   achieve success with higher rates of retention. The project is directed by a   team of five members, all colleagues and friends from the Natural Sciences   Department of the University of the Sacred Heart: Professors Doribel   Rodr\u00edguez, Mayra Alonso, Mar\u00eda L\u00e1zaro, John Olmo and myself as Project   Director. Each of us oversees his\/her own academic areas, respectively   Computing, Mathematics, Biology and Chemistry. Plus, each has direct   responsibilities on the management of some of the project\u2019s components. The   components are:<br \/>\n1) Infrastructure: Labs and Learning Spaces to provide students the right   conditions to approach and study science;<br \/>\n2) Curricular redesign: providing the right curricular, pedagogical context   to pursue studies in science, by means of Web 2.0 technologies; Redesign is   done by committed faculty.<br \/>\n3) Faculty Improvement: providing our faculty the knowledge needed to   redesign courses and enhance their pedagogical skills;<br \/>\n4) Faculty &amp; student research: students opportunities to see science in   action and develop new knowledge and skills;<br \/>\n5) Pipeline from High School: Providing Freshmen with an immersive Summer   Program to introduce them to math, science&#8230; and pseudo-science.<br \/>\nIn the Project&#8217;s two-year lifespan we achieved a retention rate of the   control group of 86%, and we have monitored students&#8217; enthusiasm when working   in new, state-of-the-art science labs<br \/>\nwith courses that take advantage of the new Web to better engage them.<\/span>&nbsp;<\/p>\n<p><span> <\/span><\/td>\n<\/tr>\n<tr>\n<td align=\"left\" valign=\"top\">February 17   ,2012<\/td>\n<td align=\"left\" valign=\"top\">9:00 AM<\/td>\n<td width=\"92\" align=\"left\" valign=\"top\">Theater<\/td>\n<td width=\"153\" align=\"left\" valign=\"top\"><strong>Nathan H. Lents, Ph.D<\/strong><span><strong>.<\/strong><br \/>\nDeputy Chair, Department of Sciences,John Jay College of Criminal   Justice <\/span><\/td>\n<td width=\"640\" align=\"left\" valign=\"top\">(<a href=\"http:\/\/www.ustream.tv\/recorded\/20487888\">Watch Webcast<\/a>)<br \/>\n<strong>Promoting   Success in Science Courses by Replacing Textbooks with Free Online   Content.<\/strong><span>This session will be a demonstration of   Visionlearning, a free online resource of modular interdisciplinary content   for use in innovative science education. The Visionlearning project has been   funded for more than ten years by the National Science Foundation and the   United States Department of Education to develop both content and teaching   tools for science students and educators, provided free of charge to students   and teachers around the world at www.visionlearning.com (or .org). The latest   round of funding from USDOE (FIPSE program) has focused on developing content   to more explicitly teach the process and nature of science. This is done in   two ways: first, a series of 19 modules that cover the process of science   explicitly; and second, the development of modules that teach disciplinary   content in chemistry, biology, and earth science from the process and   discovery perspective. The library now stands at 75 completed modules, all of   which are available in both English and Spanish, and is used as a complete   textbook replacement in at least 85 classrooms (in the USA, Mexico, Spain, Puerto Rico, Australia, the UK, and Macedonia) at no cost to students or   teachers. It is used as supplementary content in countless others. <\/span>&nbsp;<\/p>\n<p>&nbsp;<\/td>\n<\/tr>\n<tr>\n<td align=\"left\" valign=\"top\">February 16, 2012<\/td>\n<td align=\"left\" valign=\"top\">1:30 PM<\/td>\n<td width=\"92\" align=\"left\" valign=\"top\">Theater<\/td>\n<td width=\"153\" align=\"left\" valign=\"top\"><strong>Dr. Paul Marchese<\/strong><span><br \/>\nAssociate Dean<br \/>\n<strong>Prof. Robert Kueper<\/strong><br \/>\n<\/span>Professor of Electrical and Computer Engineering Technology<br \/>\n<span><br \/>\n<strong>Scott Beltzer<\/strong><br \/>\n<\/span>Freshman Coordinator of STEM Academy<br \/>\n<span><br \/>\n<\/span>Queensborough Community College<br \/>\n<span> <\/span><\/td>\n<td width=\"640\" align=\"left\" valign=\"top\"><a href=\"\/wp-content\/uploads\/2012\/BPS2\/presentations\/STEM-Dr-P-Marchese-Kueper-Beltzer.pdf\" target=\"_blank\" rel=\"noopener noreferrer\">Presentation<\/a><strong> <\/strong>(<a href=\"http:\/\/www.ustream.tv\/recorded\/20486692\">Watch Webcast<\/a>)<br \/>\n<strong> The   Latino STEM Support Network at Queensborough Community College. <\/strong><span>In the spring of 2010 International Business Machines   Corporation (IBM) awarded a grant to Queensborough Community College of the   City University of New York (QCC) to provide support to Latino students in   STEM. The goal of the grant was to build on the work of the STEM academy and   provide a system that would enable academy personnel to better address the   needs of the students and help them overcome some of the barriers to   graduation. After an in-depth analysis of student needs and capabilities of   the college it was decided that IBM would develop an alert reporting system   that would enable college support personnel to assist students more   comprehensively and efficiently. The systems automates many of the activities   currently carried out by academy coordinators and faculty, and enable them to   better focus on students that are most in need of support, with a specific   focus on Latino students, although all students in the STEM Academy would   benefit from this grant.The system is based around a student\u2019s classroom performance and a series   of risk indicators known to hinder student success. These indictors,   developed in consultation with a QCC and CUNY advisory committee,   include:<br \/>\n\u2022 current in-class performance and behavior \u2022 multiple remedial placements   \u2022 past performance at high school or QCC \u2022 outside of classroom factors   (full-time worker, single parent, etc.) \u2022 students with academic referrals who have not received services<\/span>&nbsp;<\/p>\n<p>Students who are at risk of doing poorly based on these indicators trigger   an automatic notification to academy coordinators who then refer the   student(s) to the appropriate office for support (tutoring, counseling,   financial aid, etc). The system also enables academy coordinators to follow up   with students to ensure that the students received the needed support and are   progressing.<\/p>\n<p>&nbsp;<\/td>\n<\/tr>\n<tr>\n<td align=\"left\" valign=\"top\">February 17   ,2012<\/td>\n<td align=\"left\" valign=\"top\">9:00 AM<\/td>\n<td width=\"92\" align=\"left\" valign=\"top\">Amphitheater   3<\/td>\n<td width=\"153\" align=\"left\" valign=\"top\"><strong>Dr. Mary Parker<\/strong><span><br \/>\nDirectorUniversity of Houston- Downtown <\/span><\/td>\n<td width=\"640\" align=\"left\" valign=\"top\"><a href=\"\/wp-content\/uploads\/2012\/BPS2\/presentations\/STEM-Dr-Mary-Parker-SA-pres-at-HETS-Puerto-Rico-2-16-12.pdf\" target=\"_blank\" rel=\"noopener noreferrer\">Presentation<\/a><strong><br \/>\nUHD Scholars Academy: A Program Supporting STEM Student Success.<\/strong><span>The Scholars Academy (SA) is an academically competitive   scholarship and mentoring program housed in the University of   Houston-Downtown College of Sciences &amp; Technology supporting exceptional   minority and female, first time in college (FTIC), first generation, and   transfer students pursuing baccalaureate degrees in science, technology,   engineering, and mathematics (STEM).    By providing tuition support scholarships and year-round mentoring   with both peer mentors and STEM PhD faculty mentors, a scholars\u2019 community   forms the foundation for success in this program.  This successful community of learners   becomes further enriched through high impact activities promoting both scholarly   research and career investigation in first hand ways.  Seminars, colloquia, and on-sight field   trips with peer and faculty mentors afford these undergraduates the   mechanisms to experience many of the careers they envision for   themselves.  Support of student   research presentations locally and at regional, national, and international   conferences provides the high impact experiences which acclimate, motivate,   and dedicate these students.  Finally,   the addition of service learning components to the peer mentor group   experiences truly establishes a science leadership experience within the   community\/industry setting.  Our SA   stem graduates experience course content, laboratory skills, as well as the   ethical and leadership components that transfer learning into actions. The   Scholars Academy mission ten years focused primarily upon increasing   underrepresented in the undergraduate STEM university experience.  Ten years later, the SA&#8217;s mission, while in   part the same, now focuses upon increasing on-time graduation rates and   greater retention rates.  However the   end goal now forecasts how many enter graduate\/professional programs, after   having completed the baccalaureate STEM major at UHD. <\/span><\/td>\n<\/tr>\n<\/tbody>\n<\/table>\n<p>Back to <a href=\"\/?page_id=356\">showcase tracks<\/a><\/td>\n<\/tr>\n<tr>\n<td height=\"20\"><\/td>\n<\/tr>\n<\/tbody>\n<\/table>\n<\/div>\n<p>&nbsp;<\/p>\n<\/div>\n<\/td>\n<\/tr>\n<\/tbody>\n<\/table>\n<\/td>\n<td width=\"20\"><\/td>\n<\/tr>\n<tr>\n<td colspan=\"3\" height=\"20\"><\/td>\n<\/tr>\n<\/tbody>\n<\/table>\n","protected":false},"excerpt":{"rendered":"<p>Showcase Track: STEM Home | Pre-event | Academic Fair | Schedule | Showcase Tracks | Sponsors 2012 HBPS | HETS Board Meeting &nbsp; &nbsp; STEM (back to showcase tracks) &nbsp; The STEM track is focused on technology-based projects aimed at opening access and closing the achievement gap for Hispanic learners in the areas of Science, [&hellip;]<\/p>\n","protected":false},"author":18,"featured_media":0,"parent":0,"menu_order":0,"comment_status":"closed","ping_status":"closed","template":"","meta":{"_genesis_hide_title":false,"_genesis_hide_breadcrumbs":false,"_genesis_hide_singular_image":false,"_genesis_hide_footer_widgets":false,"_genesis_custom_body_class":"","_genesis_custom_post_class":"","_genesis_layout":"","ngg_post_thumbnail":0,"pgc_sgb_lightbox_settings":"","footnotes":""},"class_list":{"0":"post-1352","1":"page","2":"type-page","3":"status-publish","5":"entry"},"featured_image_src":null,"featured_image_src_square":null,"_links":{"self":[{"href":"https:\/\/hets.org\/newdesign\/wp-json\/wp\/v2\/pages\/1352","targetHints":{"allow":["GET"]}}],"collection":[{"href":"https:\/\/hets.org\/newdesign\/wp-json\/wp\/v2\/pages"}],"about":[{"href":"https:\/\/hets.org\/newdesign\/wp-json\/wp\/v2\/types\/page"}],"author":[{"embeddable":true,"href":"https:\/\/hets.org\/newdesign\/wp-json\/wp\/v2\/users\/18"}],"replies":[{"embeddable":true,"href":"https:\/\/hets.org\/newdesign\/wp-json\/wp\/v2\/comments?post=1352"}],"version-history":[{"count":0,"href":"https:\/\/hets.org\/newdesign\/wp-json\/wp\/v2\/pages\/1352\/revisions"}],"wp:attachment":[{"href":"https:\/\/hets.org\/newdesign\/wp-json\/wp\/v2\/media?parent=1352"}],"curies":[{"name":"wp","href":"https:\/\/api.w.org\/{rel}","templated":true}]}}