{"id":3379,"date":"2022-05-03T18:15:32","date_gmt":"2022-05-03T18:15:32","guid":{"rendered":"http:\/\/hets.org\/ejournal\/?page_id=3379"},"modified":"2022-05-07T15:42:31","modified_gmt":"2022-05-07T15:42:31","slug":"3379-2","status":"publish","type":"page","link":"https:\/\/hets.org\/ejournal\/3379-2\/","title":{"rendered":""},"content":{"rendered":"\n<p><strong>Article 4: <em><span class=\"has-inline-color has-luminous-vivid-orange-color\">Educaci\u00f3n virtual: Retenci\u00f3n Estudiantil y Retos que Enfrenta la Educaci\u00f3n Superior ante la Pandemia COVID-19<\/span><\/em><\/strong><\/p>\n\n\n\n<figure class=\"wp-block-image size-large is-resized\"><a href=\"https:\/\/hets.org\/ejournal\/files\/2022\/05\/Screen-Shot-2022-05-03-at-10.55.06-AM.png\"><img loading=\"lazy\" decoding=\"async\" src=\"https:\/\/hets.org\/ejournal\/files\/2022\/05\/Screen-Shot-2022-05-03-at-10.55.06-AM.png\" alt=\"\" class=\"wp-image-3377\" width=\"136\" height=\"144\" srcset=\"https:\/\/hets.org\/ejournal\/files\/2022\/05\/Screen-Shot-2022-05-03-at-10.55.06-AM.png 424w, https:\/\/hets.org\/ejournal\/files\/2022\/05\/Screen-Shot-2022-05-03-at-10.55.06-AM-281x300.png 281w\" sizes=\"auto, (max-width: 136px) 100vw, 136px\" \/><\/a><\/figure>\n\n\n\n<p><strong><span class=\"has-inline-color has-luminous-vivid-orange-color\">Dra. Diana Rivera<\/span><br>Universidad Interamericana de Puerto Rico, Recinto de Ponce<\/strong><br>drivera@ponce.inter.edu<\/p>\n\n\n\n<p>La Dra. Diana Rivera Montalvo es Catedr\u00e1tica Auxiliar del Departamento de Administraci\u00f3n de Empresas y del Programa Graduado Doctoral de Liderazgo e Instrucci\u00f3n en la Educaci\u00f3n a Distancia, de la Universidad Interamericana de Puerto Rico, recinto de Ponce. Posee una maestr\u00eda en Finanzas y Recursos Humanos, de la Universidad Interamericana de Puerto Rico, recinto de San Germ\u00e1n y un doctorado en Educaci\u00f3n, con Especialidad en Tecnolog\u00eda Instruccional y Educaci\u00f3n a Distancia, de la Nova Southeastern University of Florida. La Dra. Rivera imparte cursos de finanzas, contabilidad y educaci\u00f3n en la modalidad virtual. Para el a\u00f1o 2016 recibi\u00f3 la certificaci\u00f3n de la Vicepresidencia de Asuntos Acad\u00e9micos, Estudiantiles y Planificaci\u00f3n Sist\u00e9mica, de la Universidad Interamericana de Puerto Rico, donde se le acredita como un profesor altamente cualificado para el dise\u00f1o y docencia de cursos virtuales en la plataforma Blackboard. Tambi\u00e9n ha sido mentora en proyectos de tesis de maestr\u00eda para estudiantes del programa de Finanzas y del programa del doctorado de Liderazgo e Instrucci\u00f3n en la Educaci\u00f3n a Distancia.<\/p>\n\n\n\n<p><img loading=\"lazy\" decoding=\"async\" width=\"150\" height=\"188\" class=\"wp-image-3534\" style=\"width: 150px;\" src=\"http:\/\/hets.org\/ejournal\/files\/2022\/05\/Screen-Shot-2022-05-03-at-10.55.12-AM.png\" alt=\"\" srcset=\"https:\/\/hets.org\/ejournal\/files\/2022\/05\/Screen-Shot-2022-05-03-at-10.55.12-AM.png 360w, https:\/\/hets.org\/ejournal\/files\/2022\/05\/Screen-Shot-2022-05-03-at-10.55.12-AM-239x300.png 239w\" sizes=\"auto, (max-width: 150px) 100vw, 150px\" \/><\/p>\n\n\n\n<p><strong><span class=\"has-inline-color has-luminous-vivid-orange-color\">Dra. Maritza Ocasio-Vega<\/span><br>Universidad Ana G. M\u00e9ndez<\/strong><br>mocasio62@gmail.com<\/p>\n\n\n\n<p><em>La Dra. Maritza Ocasio-Vega es Catedr\u00e1tica Asociada de la Escuela de Artes Liberales de la Universidad Ana G. M\u00e9ndez, recinto de Carolina. Posee una maestr\u00eda en Estudios Hisp\u00e1nicos y un doctorado en Educaci\u00f3n con concentraci\u00f3n en Curr\u00edculo y Ense\u00f1anza, de la Pontificia Universidad Cat\u00f3lica de Puerto Rico, en Ponce. La Dra. Ocasio-Vega ha dictado cursos de espa\u00f1ol e investigaci\u00f3n a nivel graduado y subgraduado en los centros de Santa Isabel, Yauco y Cabo Rojo, as\u00ed como en otras instituciones educativas. Est\u00e1 certificada para ofrecer cursos en diversas modalidades y en el uso de plataformas innovadoras. Es miembro de comit\u00e9s de disertaci\u00f3n en la Escuela Graduada en Educaci\u00f3n de la Pontificia Universidad Cat\u00f3lica de Puerto Rico, en Ponce. De la misma manera, funge como editora de tesis y otros documentos. Ofrece talleres de Desarrollo Profesional a facultad de educaci\u00f3n superior con tem\u00e1tica variada tales como: Formato APA 7ma ed., Redacci\u00f3n, Comunicaci\u00f3n efectiva, Redacci\u00f3n para la Investigaci\u00f3n, Uso de Blackboard, Pedagog\u00eda Teatral como estrategia de aprendizaje, entre otros. Tambi\u00e9n, ha publicado diversos art\u00edculos de investigaci\u00f3n y de creaci\u00f3n literaria y ha participado de congresos como miembro de la Asociaci\u00f3n Supervisi\u00f3n y Desarrollo Curricular de Puerto Rico (PRASCD). Dirige un grupo de teatro desde el 2001 y sirve a la comunidad como miembro del Club de Leones, Distrito 51 Oeste.<\/em><\/p>\n\n\n\n<p><img loading=\"lazy\" decoding=\"async\" width=\"150\" height=\"161\" class=\"wp-image-3347\" style=\"width: 150px;\" src=\"http:\/\/hets.org\/ejournal\/files\/2022\/05\/Screen-Shot-2022-05-03-at-10.55.18-AM.png\" alt=\"\" srcset=\"https:\/\/hets.org\/ejournal\/files\/2022\/05\/Screen-Shot-2022-05-03-at-10.55.18-AM.png 404w, https:\/\/hets.org\/ejournal\/files\/2022\/05\/Screen-Shot-2022-05-03-at-10.55.18-AM-279x300.png 279w\" sizes=\"auto, (max-width: 150px) 100vw, 150px\" \/><\/p>\n\n\n\n<p><strong><span class=\"has-inline-color has-luminous-vivid-orange-color\">Prof. Jorge L\u00f3pez Goglad<\/span><br>Universidad Ana G. M\u00e9ndez<\/strong><br>jorgelopez135@gmail.com<\/p>\n\n\n\n<p><em>El Prof. Jorge L\u00f3pez Goglad es instructor de los cursos de Matem\u00e1ticas de la Facultad de Ciencias y Tecnolog\u00eda de la Universidad Ana G. M\u00e9ndez. Posee un Bachillerato en Ciencias con Especialidad en Matem\u00e1ticas de la Pontificia Universidad Cat\u00f3lica de Puerto Rico, una Maestr\u00eda en Matem\u00e1ticas Aplicada y posee todos los ex\u00e1menes de grado de cursos de la Matem\u00e1tica con especialidad en Estad\u00edsticas de la Universidad de Puerto Rico, recinto de Rio Piedras. Lleva 33 a\u00f1os dictando cursos, tanto presenciales, como en l\u00ednea, utilizando plataformas educativas y plataformas de comunicaci\u00f3n. Ha trabajado como mentor de tesis en las \u00e1reas de an\u00e1lisis de datos y resultados. Algunos de los escritos que ha realizado tratan de temas tales como: An\u00e1lisis Factorial, Estad\u00edstica Bayesiana, Uso del Programado Matlab en Cadenas de Markov y M\u00e9todo de \u201cBootstrap\u201d para comparar estimadores en series de tiempo. Como conferenciante ha ofrecido talleres de uso de las matem\u00e1ticas, uso de las estad\u00edsticas y fungi\u00f3 como Coordinador del Proyecto del Instituto de Liderazgo Estudiantil. Su pasi\u00f3n es la ense\u00f1anza de las matem\u00e1ticas a trav\u00e9s de un proceso constructivista.<\/em><\/p>\n","protected":false},"excerpt":{"rendered":"<p>Article 4: Educaci\u00f3n virtual: Retenci\u00f3n Estudiantil y Retos que Enfrenta la Educaci\u00f3n Superior ante la Pandemia COVID-19 Dra. Diana RiveraUniversidad Interamericana de Puerto Rico, Recinto de Poncedrivera@ponce.inter.edu La Dra. Diana Rivera Montalvo es Catedr\u00e1tica Auxiliar del Departamento de Administraci\u00f3n de Empresas y del Programa Graduado Doctoral de Liderazgo e Instrucci\u00f3n en la Educaci\u00f3n a Distancia, [&hellip;]<\/p>\n","protected":false},"author":12,"featured_media":0,"parent":0,"menu_order":0,"comment_status":"closed","ping_status":"closed","template":"","meta":{"footnotes":""},"class_list":["post-3379","page","type-page","status-publish","hentry"],"_links":{"self":[{"href":"https:\/\/hets.org\/ejournal\/wp-json\/wp\/v2\/pages\/3379","targetHints":{"allow":["GET"]}}],"collection":[{"href":"https:\/\/hets.org\/ejournal\/wp-json\/wp\/v2\/pages"}],"about":[{"href":"https:\/\/hets.org\/ejournal\/wp-json\/wp\/v2\/types\/page"}],"author":[{"embeddable":true,"href":"https:\/\/hets.org\/ejournal\/wp-json\/wp\/v2\/users\/12"}],"replies":[{"embeddable":true,"href":"https:\/\/hets.org\/ejournal\/wp-json\/wp\/v2\/comments?post=3379"}],"version-history":[{"count":2,"href":"https:\/\/hets.org\/ejournal\/wp-json\/wp\/v2\/pages\/3379\/revisions"}],"predecessor-version":[{"id":3539,"href":"https:\/\/hets.org\/ejournal\/wp-json\/wp\/v2\/pages\/3379\/revisions\/3539"}],"wp:attachment":[{"href":"https:\/\/hets.org\/ejournal\/wp-json\/wp\/v2\/media?parent=3379"}],"curies":[{"name":"wp","href":"https:\/\/api.w.org\/{rel}","templated":true}]}}