{"id":3374,"date":"2022-05-03T18:05:26","date_gmt":"2022-05-03T18:05:26","guid":{"rendered":"http:\/\/hets.org\/ejournal\/?page_id=3374"},"modified":"2022-05-03T18:05:26","modified_gmt":"2022-05-03T18:05:26","slug":"3374-2","status":"publish","type":"page","link":"https:\/\/hets.org\/ejournal\/3374-2\/","title":{"rendered":""},"content":{"rendered":"\n<p><\/p>\n\n\n\n<p><strong><span style=\"color:#56609e\" class=\"has-inline-color\">Article 6:<\/span> <em><span class=\"has-inline-color has-luminous-vivid-orange-color\">Evaluaci\u00f3n de un programa de Administraci\u00f3n de Empresas a distancia de una instituci\u00f3n de educaci\u00f3n superior en Puerto Rico<\/span><\/em><\/strong><\/p>\n\n\n\n<p><img loading=\"lazy\" decoding=\"async\" width=\"150\" height=\"142\" class=\"wp-image-3349\" style=\"width: 150px;\" src=\"http:\/\/hets.org\/ejournal\/files\/2022\/05\/Screen-Shot-2022-05-03-at-10.55.31-AM.png\" alt=\"\" srcset=\"https:\/\/hets.org\/ejournal\/files\/2022\/05\/Screen-Shot-2022-05-03-at-10.55.31-AM.png 462w, https:\/\/hets.org\/ejournal\/files\/2022\/05\/Screen-Shot-2022-05-03-at-10.55.31-AM-300x283.png 300w\" sizes=\"auto, (max-width: 150px) 100vw, 150px\" \/><\/p>\n\n\n\n<p><strong><span class=\"has-inline-color has-luminous-vivid-orange-color\">Stephanie Jim\u00e9nez Torres, Ed.D.<\/span><br>Universidad Interamericana de Puerto Rico<\/strong><br>sjimenez@ponce.inter.edu<\/p>\n\n\n\n<p><em>La profesora Stephanie Jim\u00e9nez Torres tiene un doctorado en Liderazgo e Instrucci\u00f3n en la Educaci\u00f3n a Distancia de la Universidad Interamericana de Puerto Rico, recinto de Ponce. Es adiestradora, dise\u00f1adora del aprendizaje y especialista en integraci\u00f3n de la tecnolog\u00eda instruccional en cursos a distancia y presenciales. Ha trabajado en m\u00faltiples proyectos de mentor\u00edas en programas de dise\u00f1o instruccional y de desarrollo profesional a educadores escolares y universitarios. Especialmente, en el acompa\u00f1amiento para la creaci\u00f3n de estrategias que fomentan. experiencias de aprendizaje memorables y que, a su vez, son c\u00f3nsonas con los requerimientos de acreditaci\u00f3n y licenciamiento que rigen las instituciones educativas. En la Vicepresidencia Asociada de Educaci\u00f3n en L\u00ednea, de la Universidad Interamericana de Puerto Rico, colabora, a su vez, en la estructuraci\u00f3n de proyectos y lineamientos correspondientes al aseguramiento de la calidad y en rigor acad\u00e9mico en la educaci\u00f3n a distancia.<\/em><\/p>\n\n\n\n<hr class=\"wp-block-separator\"\/>\n\n\n\n<h3 class=\"wp-block-heading\"><a href=\"https:\/\/hets.org\/ejournal\/category\/volume-xii\/fall-issue-october-2021\/\" data-type=\"URL\" data-id=\"https:\/\/hets.org\/ejournal\/category\/volume-xii\/fall-issue-october-2021\/\">Return to Fall Issue: October 2021<\/a><\/h3>\n\n\n\n<h3 class=\"wp-block-heading\"><a href=\"http:\/\/hets.org\/ejournal\/2014\/10\/29\/authors-of-previous-issues\/\">To learn more about the authors of previous issues click here<\/a><\/h3>\n","protected":false},"excerpt":{"rendered":"<p>Article 6: Evaluaci\u00f3n de un programa de Administraci\u00f3n de Empresas a distancia de una instituci\u00f3n de educaci\u00f3n superior en Puerto Rico Stephanie Jim\u00e9nez Torres, Ed.D.Universidad Interamericana de Puerto Ricosjimenez@ponce.inter.edu La profesora Stephanie Jim\u00e9nez Torres tiene un doctorado en Liderazgo e Instrucci\u00f3n en la Educaci\u00f3n a Distancia de la Universidad Interamericana de Puerto Rico, recinto de [&hellip;]<\/p>\n","protected":false},"author":12,"featured_media":0,"parent":0,"menu_order":0,"comment_status":"closed","ping_status":"closed","template":"","meta":{"footnotes":""},"class_list":["post-3374","page","type-page","status-publish","hentry"],"_links":{"self":[{"href":"https:\/\/hets.org\/ejournal\/wp-json\/wp\/v2\/pages\/3374","targetHints":{"allow":["GET"]}}],"collection":[{"href":"https:\/\/hets.org\/ejournal\/wp-json\/wp\/v2\/pages"}],"about":[{"href":"https:\/\/hets.org\/ejournal\/wp-json\/wp\/v2\/types\/page"}],"author":[{"embeddable":true,"href":"https:\/\/hets.org\/ejournal\/wp-json\/wp\/v2\/users\/12"}],"replies":[{"embeddable":true,"href":"https:\/\/hets.org\/ejournal\/wp-json\/wp\/v2\/comments?post=3374"}],"version-history":[{"count":1,"href":"https:\/\/hets.org\/ejournal\/wp-json\/wp\/v2\/pages\/3374\/revisions"}],"predecessor-version":[{"id":3375,"href":"https:\/\/hets.org\/ejournal\/wp-json\/wp\/v2\/pages\/3374\/revisions\/3375"}],"wp:attachment":[{"href":"https:\/\/hets.org\/ejournal\/wp-json\/wp\/v2\/media?parent=3374"}],"curies":[{"name":"wp","href":"https:\/\/api.w.org\/{rel}","templated":true}]}}