{"id":3372,"date":"2022-05-03T18:05:41","date_gmt":"2022-05-03T18:05:41","guid":{"rendered":"http:\/\/hets.org\/ejournal\/?page_id=3372"},"modified":"2022-05-03T18:05:41","modified_gmt":"2022-05-03T18:05:41","slug":"3372-2","status":"publish","type":"page","link":"https:\/\/hets.org\/ejournal\/3372-2\/","title":{"rendered":""},"content":{"rendered":"\n<p><strong><span style=\"color:#56609e\" class=\"has-inline-color\">Article 5:<\/span> <em><span class=\"has-inline-color has-luminous-vivid-orange-color\">Autopercepci\u00f3n de los docentes y la percepci\u00f3n de los alumnos sobre su dominio de las competencias profesionales necesarias para impartir cursos en l\u00ednea<\/span><\/em><\/strong><\/p>\n\n\n\n<p><img loading=\"lazy\" decoding=\"async\" width=\"150\" height=\"244\" class=\"wp-image-3348\" style=\"width: 150px;\" src=\"http:\/\/hets.org\/ejournal\/files\/2022\/05\/Screen-Shot-2022-05-03-at-10.55.25-AM.png\" alt=\"\" srcset=\"https:\/\/hets.org\/ejournal\/files\/2022\/05\/Screen-Shot-2022-05-03-at-10.55.25-AM.png 314w, https:\/\/hets.org\/ejournal\/files\/2022\/05\/Screen-Shot-2022-05-03-at-10.55.25-AM-185x300.png 185w\" sizes=\"auto, (max-width: 150px) 100vw, 150px\" \/><\/p>\n\n\n\n<p><strong><span class=\"has-inline-color has-luminous-vivid-orange-color\">Dra. Cinthia Rivera Jim\u00e9nez<\/span><br>NUC University<\/strong><br>cinthiarivera_jimenez@hotmail.com<\/p>\n\n\n\n<p><em>La Dra. Cinthia Rivera Jim\u00e9nez cuenta con una Maestr\u00eda en Educaci\u00f3n con Especialidad en Administraci\u00f3n y Supervisi\u00f3n en la Universidad Interamericana de Arecibo y otra Maestr\u00eda en Ciencias de Enfermer\u00eda con especialidad en Cuidado Cr\u00edtico de la Universidad Interamericana de Arecibo. A su vez, un Doctorado en Educaci\u00f3n Superior en Liderazgo e Instrucci\u00f3n en la Educaci\u00f3n a Distancia de la Universidad Interamericana de Ponce. Posee 20 a\u00f1os de experiencia ofreciendo cursos de enfermer\u00eda en Instituciones de educaci\u00f3n superior de Puerto Rico. Actualmente trabaja en NUC University de Bayam\u00f3n hace 9 a\u00f1os ofreciendo cursos en l\u00ednea en el Programa Rn BSN en Ciencias en Enfermer\u00eda. Cuenta con experiencia en las \u00e1reas de: Cuidado Critico Neonatal, Medicina y Cirug\u00eda en Hospitales Privados en Puerto Rico. Como enfermera graduada, entre otras experiencias fungi\u00f3 como supervisora de enfermer\u00eda en la unidad de Sala general del Hospital San Agust\u00edn y Professional Hospital ambos en Manat\u00ed, Puerto Rico.<\/em><\/p>\n","protected":false},"excerpt":{"rendered":"<p>Article 5: Autopercepci\u00f3n de los docentes y la percepci\u00f3n de los alumnos sobre su dominio de las competencias profesionales necesarias para impartir cursos en l\u00ednea Dra. Cinthia Rivera Jim\u00e9nezNUC Universitycinthiarivera_jimenez@hotmail.com La Dra. Cinthia Rivera Jim\u00e9nez cuenta con una Maestr\u00eda en Educaci\u00f3n con Especialidad en Administraci\u00f3n y Supervisi\u00f3n en la Universidad Interamericana de Arecibo y otra [&hellip;]<\/p>\n","protected":false},"author":12,"featured_media":0,"parent":0,"menu_order":0,"comment_status":"closed","ping_status":"closed","template":"","meta":{"footnotes":""},"class_list":["post-3372","page","type-page","status-publish","hentry"],"_links":{"self":[{"href":"https:\/\/hets.org\/ejournal\/wp-json\/wp\/v2\/pages\/3372","targetHints":{"allow":["GET"]}}],"collection":[{"href":"https:\/\/hets.org\/ejournal\/wp-json\/wp\/v2\/pages"}],"about":[{"href":"https:\/\/hets.org\/ejournal\/wp-json\/wp\/v2\/types\/page"}],"author":[{"embeddable":true,"href":"https:\/\/hets.org\/ejournal\/wp-json\/wp\/v2\/users\/12"}],"replies":[{"embeddable":true,"href":"https:\/\/hets.org\/ejournal\/wp-json\/wp\/v2\/comments?post=3372"}],"version-history":[{"count":1,"href":"https:\/\/hets.org\/ejournal\/wp-json\/wp\/v2\/pages\/3372\/revisions"}],"predecessor-version":[{"id":3376,"href":"https:\/\/hets.org\/ejournal\/wp-json\/wp\/v2\/pages\/3372\/revisions\/3376"}],"wp:attachment":[{"href":"https:\/\/hets.org\/ejournal\/wp-json\/wp\/v2\/media?parent=3372"}],"curies":[{"name":"wp","href":"https:\/\/api.w.org\/{rel}","templated":true}]}}