{"id":3364,"date":"2022-05-03T18:03:39","date_gmt":"2022-05-03T18:03:39","guid":{"rendered":"http:\/\/hets.org\/ejournal\/?page_id=3364"},"modified":"2022-05-07T15:40:16","modified_gmt":"2022-05-07T15:40:16","slug":"3364-2","status":"publish","type":"page","link":"https:\/\/hets.org\/ejournal\/3364-2\/","title":{"rendered":""},"content":{"rendered":"\n<p><\/p>\n\n\n\n<p><strong><span style=\"color:#56609e\" class=\"has-inline-color\">Article 3:<\/span> <em><span class=\"has-inline-color has-luminous-vivid-orange-color\">Factores que inciden en la intenci\u00f3n de abandono de los estudiantes de enfermer\u00eda en l\u00ednea<\/span><\/em><br><\/strong><img loading=\"lazy\" decoding=\"async\" width=\"150\" height=\"148\" class=\"wp-image-3346\" style=\"width: 150px;\" src=\"http:\/\/hets.org\/ejournal\/files\/2022\/05\/Screen-Shot-2022-05-03-at-10.55.02-AM.png\" alt=\"\" srcset=\"https:\/\/hets.org\/ejournal\/files\/2022\/05\/Screen-Shot-2022-05-03-at-10.55.02-AM.png 364w, https:\/\/hets.org\/ejournal\/files\/2022\/05\/Screen-Shot-2022-05-03-at-10.55.02-AM-300x297.png 300w\" sizes=\"auto, (max-width: 150px) 100vw, 150px\" \/><\/p>\n\n\n\n<p><strong><span class=\"has-inline-color has-luminous-vivid-orange-color\">Dra. Alice V. Romero P\u00e9rez<\/span><br>NUC University, Divisi\u00f3n Online<\/strong><br>aromero2@nuc.edu<\/p>\n\n\n\n<p><em>La Profa. Alice V. Romero P\u00e9rez es enfermera graduada de la Universidad de Puerto Rico Recinto de Arecibo. Posee una Maestr\u00eda en Ciencias de Enfermer\u00eda Medico Quir\u00fargico con rol en educaci\u00f3n de la Universidad Interamericana en Puerto Rico Recinto de Arecibo y un<\/em> <em>Doctorado en Educaci\u00f3n en Liderazgo e Instrucci\u00f3n en la Educaci\u00f3n a Distancia de la Universidad Interamericana de Puerto Rico, Recinto de Ponce. Cuenta con 9 a\u00f1os de experiencia como enfermera generalista en el \u00e1rea de telemetr\u00eda, cuidado cr\u00edtico y m\u00e9dico quir\u00fargico en distintas instituciones de salud en Puerto Rico. 14 a\u00f1os de experiencia en el \u00e1rea de educaci\u00f3n en programas de grado asociado y bachillerato en ciencias de enfermer\u00eda en instituciones de educaci\u00f3n superior en Puerto Rico. Los \u00faltimos 9 a\u00f1os se ha desempe\u00f1ado co<\/em>mo <em>7ma ed., Redacci\u00f3n, Comunicaci\u00f3n efectiva, Redacci\u00f3n para la Investigaci\u00f3n, Uso de Blackboard, Pedagog\u00eda Teatral como estrategia de aprendizaje, entre otros. Tambi\u00e9n, ha publicado diversos art\u00edculos de investigaci\u00f3n y de creaci\u00f3n literaria y ha participado de congresos como miembro de la Asociaci\u00f3n Supervisi\u00f3n y Desarrollo Curricular de Puerto Rico (PRASCD). Dirige un grupo de teatro desde el 2001 y sirve a la comunidad como miembro del Club de Leones, Distrito 51 Oeste.<\/em><\/p>\n\n\n\n<p><\/p>\n","protected":false},"excerpt":{"rendered":"<p>Article 3: Factores que inciden en la intenci\u00f3n de abandono de los estudiantes de enfermer\u00eda en l\u00ednea Dra. Alice V. Romero P\u00e9rezNUC University, Divisi\u00f3n Onlinearomero2@nuc.edu La Profa. Alice V. Romero P\u00e9rez es enfermera graduada de la Universidad de Puerto Rico Recinto de Arecibo. Posee una Maestr\u00eda en Ciencias de Enfermer\u00eda Medico Quir\u00fargico con rol en [&hellip;]<\/p>\n","protected":false},"author":12,"featured_media":0,"parent":0,"menu_order":0,"comment_status":"closed","ping_status":"closed","template":"","meta":{"footnotes":""},"class_list":["post-3364","page","type-page","status-publish","hentry"],"_links":{"self":[{"href":"https:\/\/hets.org\/ejournal\/wp-json\/wp\/v2\/pages\/3364","targetHints":{"allow":["GET"]}}],"collection":[{"href":"https:\/\/hets.org\/ejournal\/wp-json\/wp\/v2\/pages"}],"about":[{"href":"https:\/\/hets.org\/ejournal\/wp-json\/wp\/v2\/types\/page"}],"author":[{"embeddable":true,"href":"https:\/\/hets.org\/ejournal\/wp-json\/wp\/v2\/users\/12"}],"replies":[{"embeddable":true,"href":"https:\/\/hets.org\/ejournal\/wp-json\/wp\/v2\/comments?post=3364"}],"version-history":[{"count":2,"href":"https:\/\/hets.org\/ejournal\/wp-json\/wp\/v2\/pages\/3364\/revisions"}],"predecessor-version":[{"id":3537,"href":"https:\/\/hets.org\/ejournal\/wp-json\/wp\/v2\/pages\/3364\/revisions\/3537"}],"wp:attachment":[{"href":"https:\/\/hets.org\/ejournal\/wp-json\/wp\/v2\/media?parent=3364"}],"curies":[{"name":"wp","href":"https:\/\/api.w.org\/{rel}","templated":true}]}}