{"id":2,"date":"2014-07-09T19:13:38","date_gmt":"2014-07-09T19:13:38","guid":{"rendered":"http:\/\/hets.org\/ejournal\/?page_id=2"},"modified":"2025-12-10T19:20:57","modified_gmt":"2025-12-10T19:20:57","slug":"home","status":"publish","type":"page","link":"https:\/\/hets.org\/ejournal\/","title":{"rendered":"Home"},"content":{"rendered":"<h2 style=\"text-align: right;\">ISSN 2693-9193<\/h2>\n<h1>Welcome!<\/h1>\n<h1>HETS Chair Message<\/h1>\n<p><a href=\"http:\/\/hets.org\/ejournal\/files\/2024\/11\/Foto-Presidenta-2-e1715806471478-580x580-1.jpg\"><img loading=\"lazy\" decoding=\"async\" class=\"alignleft  wp-image-3917\" src=\"http:\/\/hets.org\/ejournal\/files\/2024\/11\/Foto-Presidenta-2-e1715806471478-580x580-1-150x150.jpg\" alt=\"\" width=\"182\" height=\"182\" srcset=\"https:\/\/hets.org\/ejournal\/files\/2024\/11\/Foto-Presidenta-2-e1715806471478-580x580-1-150x150.jpg 150w, https:\/\/hets.org\/ejournal\/files\/2024\/11\/Foto-Presidenta-2-e1715806471478-580x580-1-300x300.jpg 300w, https:\/\/hets.org\/ejournal\/files\/2024\/11\/Foto-Presidenta-2-e1715806471478-580x580-1.jpg 580w\" sizes=\"auto, (max-width: 182px) 100vw, 182px\" \/><\/a><\/p>\n<p>As Chair of the Hispanic Educational Technology Services (HETS) Consortium, I am pleased to announce the publication of the&nbsp;<strong>2025 Fall Issue<\/strong>&nbsp;<strong>Volume XVI <\/strong>of&nbsp;our peer-reviewed HETS Online Journal (HOJ). We invite you to access the publication on the editorial platform available from the HETS website (<a href=\"https:\/\/hets.org\/ejournal\/\"><strong>hets.org\/ejournal\/)<\/strong><\/a>, and its dedicated editorial platform at&nbsp;<a href=\"https:\/\/hets.org\/ojournal\/index.php\/hoj\">HETS Online Journal<\/a>.<\/p>\n<p>This issue showcases nine new articles, seven in English and two in Spanish, consistently focusing on innovative research, scientific papers, and best practices in topics related to higher education with a globalized perspective. &nbsp;HETS invites you to enjoy the articles on this Issue and share the Journal with colleagues, academics, students, and administrators involved with higher education.<\/p>\n<p>Among the topics, you can find articles discussing:&nbsp;<em>Perceived Online Teaching\u2013Learning Environment as a Predictor of Student Satisfaction; Shaping Problem-Solvers: The Role of Diverse Methods in Advancing Mathematical Confidence; Academic, Social, and Emotional Impacts of COVID-19 on University Students in Puerto Rico; and Engaging, Motivating, and Strengthening Learning Preferences with Kahoot! in Higher Education.<\/em><\/p>\n<p>This Journal, created in 2010, provides high-quality research articles in English and Spanish, covering online teaching, learning, and training topics for the academic community around the world. HETS encourages all those interested in publishing their articles to take advantage of this opportunity to share their knowledge. The&nbsp;<strong>deadline for submission<\/strong>&nbsp;of articles for our next&nbsp;<strong>Spring Issue Volume XVI<\/strong>&nbsp;is&nbsp;<strong>March 16, 2026<\/strong>.<\/p>\n<p>Finally, we welcome our new <strong>Co-editor,<\/strong> <strong>Dr. Kenneth DiLorenzo,<\/strong> and new reviewers <strong>Dr. Naydeen Gonz\u00e1lez-De Jes\u00fas<\/strong> and <strong>Rolando M\u00e9ndez. <\/strong>We truly appreciate their collaboration and support tour Journal. &nbsp;We invite you to join HETS collaborators as reviewers. If you are interested, please send an e-mail to&nbsp;<a href=\"mailto:info@hets.org\">info@hets.org<\/a>.<\/p>\n<p>We hope you enjoy this Fall Issue!<\/p>\n<p>Best regards and happy Holidays,<\/p>\n<p><strong>Gladys Nieves, P.E.<br \/>\n<\/strong>HETS Chair<br \/>\nPresident, EDP University<\/p>\n<p>You will now be redirected to the new dedicated platform at the <a href=\"https:\/\/hets.org\/ojournal\/index.php\/hoj\">HETS Online Journal<\/a>.<\/p>\n<hr>\n<h1><span style=\"color: #000000;\">&nbsp;<\/span>Editor&#8217;s Message<\/h1>\n<p><span style=\"color: #000000;\"><a style=\"color: #000000;\" href=\"http:\/\/hets.org\/ejournal\/files\/2014\/10\/Pamela-Vargas-Krauser.jpg\" rel=\"attachment wp-att-284\"><img loading=\"lazy\" decoding=\"async\" class=\"alignleft wp-image-284 \" src=\"http:\/\/hets.org\/ejournal\/files\/2014\/10\/Pamela-Vargas-Krauser-225x300.jpg\" alt=\"Pamela Vargas-Krauser\" width=\"179\" height=\"239\" srcset=\"https:\/\/hets.org\/ejournal\/files\/2014\/10\/Pamela-Vargas-Krauser-225x300.jpg 225w, https:\/\/hets.org\/ejournal\/files\/2014\/10\/Pamela-Vargas-Krauser-768x1024.jpg 768w, https:\/\/hets.org\/ejournal\/files\/2014\/10\/Pamela-Vargas-Krauser.jpg 960w\" sizes=\"auto, (max-width: 179px) 100vw, 179px\" \/><\/a><\/span><\/p>\n<p><strong>&nbsp;<\/strong>Greetings!<\/p>\n<p>We thank you for viewing the Fall 2025 edition of the HETS Online Journal and hope that you will find inspiration from the articles shared here by your colleagues. Some articles are written in English, while others are written in Spanish.<\/p>\n<p>This&nbsp;edition&nbsp;of the Journal begins with an article&nbsp;entitled \u201cGamification and Student Retention in Virtual Courses: Evidence from Language Teaching Practice,\u201d&nbsp;which&nbsp;examines how gamification tools can enhance engagement and persistence among online Spanish students. Four tools\u2014Kahoot, Quizlet,&nbsp;Gimkit, and Quizzes\u2014were integrated into asynchronous and synchronous activities in online Spanish courses. Data from Learning Management System (LMS) analytics and student feedback surveys were analyzed descriptively to assess engagement trends.&nbsp;<\/p>\n<p>The article \u201cCompetencias profesionales para ense\u00f1ar en entornos virtuales, de maestros de matem\u00e1ticas de los grados 9 a 12 del Departamento de Educaci\u00f3n de Puerto Rico,\u201d presents research that studied the level of self-perceived professional competence of mathematics teachers in grades 9 to 12 to teach in virtual learning environments.<\/p>\n<p>\u201cThe Adverse Digital Childhood Experiences (ADCEs) Framework: A Transformative Paradigm for Decoding Digital Adversity and Safeguarding Human Agency in Child Development and Lifespan Trajectories,\u201d explores the Adverse Digital Childhood Experiences (ADCEs) framework, an empirically informed and theory-driven extension of ACEs that systematizes ten interrelated domains of digital adversity encompassing social, cognitive, and environmental stressors.<\/p>\n<p>The article \u201cPerceived Online Teaching\u2013Learning Environment as a Predictor of Student Satisfaction: Evidence from a Spanish Course\u201d discusses the relationship between students\u2019 perceptions of the online teaching\u2013learning environment and their satisfaction with a Spanish language course at a private university. Using a quantitative, correlational design, the study analyzed student survey responses adapted from established online learning environment scales to capture instructor support, student interaction and collaboration, personal relevance, authentic learning, active learning, student autonomy, and enjoyment of distance education.<\/p>\n<p>\u201cShaping Problem-Solvers: The Role of Diverse Methods in Advancing Mathematical Confidence\u201d is an article that investigates how exposure to diverse methods for solving quadratic equations influences the development of mathematical confidence and problem-solving skills among undergraduate students in community college algebra courses.<\/p>\n<p>In \u201cGenerational Cybersecurity: Helping Parents Understand Teens\u2019 Online Risks,\u201d parallel surveys of parents and adolescents were used to examine intergenerational understanding of teens\u2019 online activities and risks. Findings highlight gaps in knowledge and communication that can be addressed through family-based education and structured workshops.<\/p>\n<p>The results highlighted in the article \u201cAcademic, Social, and Emotional Impacts of COVID-19 on University Students in Puerto Rico\u201d state the urgent need for Puerto Rican institutions of higher education to strengthen remote learning support systems, mental health services, and crisis resilience policies.<\/p>\n<p>In \u201cLa importancia de los planes de inducci\u00f3n para docentes de enfermer\u00eda en Puerto Rico: hacia una educaci\u00f3n de calidad,\u201d the significance of induction initiatives for the preparation and retention of nursing faculty is explored, comparing practices in accredited and non-accredited institutions.<\/p>\n<p>Finally, the authors of \u201cEngaging, Motivating, and Strengthening Learning Preferences with Kahoot! in Higher Education\u201d present a practical framework for using Kahoot! to boost motivation and engagement, and help students surface and strengthen their learning preferences through metacognitive reflection.<\/p>\n<p>As always, we hope that this issue of the Journal provides information you can apply at your institution, and perhaps that you will be inspired to further these studies and add to the body of knowledge.<\/p>\n<p>We wish you a wonderful holiday season and look forward to seeing you back here in the new year!<\/p>\n<p><strong>Pamela A. (Krauser) Vargas<\/strong><br \/>\nHETS Online Journal Chief Editor<br \/>\nDirector, Research and Grant Development, Southeast Missouri State University<\/p>\n<p>You will now be redirected to the new dedicated platform at the <a href=\"https:\/\/hets.org\/ojournal\/index.php\/hoj\">HETS Online Journal<\/a>.<\/p>\n","protected":false},"excerpt":{"rendered":"<p>ISSN 2693-9193 Welcome! HETS Chair Message As Chair of the Hispanic Educational Technology Services (HETS) Consortium, I am pleased to announce the publication of the&nbsp;2025 Fall Issue&nbsp;Volume XVI of&nbsp;our peer-reviewed HETS Online Journal (HOJ). We invite you to access the publication on the editorial platform available from the HETS website (hets.org\/ejournal\/), and its dedicated editorial [&hellip;]<\/p>\n","protected":false},"author":1,"featured_media":0,"parent":0,"menu_order":0,"comment_status":"closed","ping_status":"closed","template":"","meta":{"footnotes":""},"class_list":["post-2","page","type-page","status-publish","hentry"],"_links":{"self":[{"href":"https:\/\/hets.org\/ejournal\/wp-json\/wp\/v2\/pages\/2","targetHints":{"allow":["GET"]}}],"collection":[{"href":"https:\/\/hets.org\/ejournal\/wp-json\/wp\/v2\/pages"}],"about":[{"href":"https:\/\/hets.org\/ejournal\/wp-json\/wp\/v2\/types\/page"}],"author":[{"embeddable":true,"href":"https:\/\/hets.org\/ejournal\/wp-json\/wp\/v2\/users\/1"}],"replies":[{"embeddable":true,"href":"https:\/\/hets.org\/ejournal\/wp-json\/wp\/v2\/comments?post=2"}],"version-history":[{"count":43,"href":"https:\/\/hets.org\/ejournal\/wp-json\/wp\/v2\/pages\/2\/revisions"}],"predecessor-version":[{"id":4043,"href":"https:\/\/hets.org\/ejournal\/wp-json\/wp\/v2\/pages\/2\/revisions\/4043"}],"wp:attachment":[{"href":"https:\/\/hets.org\/ejournal\/wp-json\/wp\/v2\/media?parent=2"}],"curies":[{"name":"wp","href":"https:\/\/api.w.org\/{rel}","templated":true}]}}